
{"id":276,"date":"2009-06-24T16:19:49","date_gmt":"2009-06-24T16:19:49","guid":{"rendered":"https:\/\/www.fly-goodbye.com\/de\/?page_id=276"},"modified":"2009-10-31T19:38:15","modified_gmt":"2009-10-31T19:38:15","slug":"hinweise","status":"publish","type":"page","link":"https:\/\/www.fly-goodbye.com\/de\/hinweise\/","title":{"rendered":"Tags"},"content":{"rendered":"<p>Spinnent\u00f6ter, Spinnenfalle, Spinnensauger, Spinnenvernichter, Spinnenf\u00e4nger, Spinnenfangger\u00e4t, Spinnenfeind, Spinnenfreund, Spinneninspektor, Spinneninspizierer, Wespeninspizierger\u00e4t, <\/p>\n<p>Wespent\u00f6ter, Wespenfalle, Wespensauger, Wespenvernichter, Wespenf\u00e4nger, Wespenfangger\u00e4t, Wespenfeind, Wespenfreund, Wespeninspektor, Wespeninspizierer, Wespeninspizierger\u00e4t, Wespensammler <\/p>\n<p>Fliegent\u00f6ter, Fliegenfalle, Fliegensauger, Fliegenvernichter, Fliegenf\u00e4nger, Fliegenfangger\u00e4t, Fliegenfeind, Fliegenfreund, Fliegeninspektor, Fliegeninspizierer, Fliegeninspizerger\u00e4t, Fliegensammler <\/p>\n<p>Holzbockt\u00f6ter, Holzbockfalle, Holzbocksauger, Holzbockvernichter, Holzbockf\u00e4nger, Holzbockfangger\u00e4t, Holzbockfeind, Holzbockfreund, Holzbockinspektor, Holzbockinspizierer, Holzbockinspizierger\u00e4t, Holzbocksammler<br \/>\nBienenfalle, Bienensauger, Bienenf\u00e4nger, Bienenfangger\u00e4t, Bienenfreund, Bieneninspektor, Bieneninspizierger\u00e4t, Bienensammler <\/p>\n<p>M\u00fcckent\u00f6ter, M\u00fcckenfalle, M\u00fcckensauger, M\u00fcckenvernichter, M\u00fcckenf\u00e4nger, M\u00fcckenfangger\u00e4t, M\u00fcckenfeind, M\u00fcckenfreund, M\u00fcckeninspektor, M\u00fcckeninspizierer, M\u00fcckeninspizierger\u00e4t, M\u00fcckensammler <\/p>\n<p>Insektent\u00f6ter, Insektenfalle, Insektensauger, Insektenvernichter, Insektenf\u00e4nger, Insektenfangger\u00e4t, Insektenfeind, Insektenfreund, Insekteninspektor, Insekteninspizierer, Insekteninspizierger\u00e4t, Insektensammler<\/p>\n<p>Insekt Vakuum Pistole<\/p>\n","protected":false},"excerpt":{"rendered":"<p>Spinnent\u00f6ter, Spinnenfalle, Spinnensauger, Spinnenvernichter, Spinnenf\u00e4nger, Spinnenfangger\u00e4t, Spinnenfeind, Spinnenfreund, Spinneninspektor, Spinneninspizierer, Wespeninspizierger\u00e4t, Wespent\u00f6ter, Wespenfalle, Wespensauger, Wespenvernichter, Wespenf\u00e4nger, Wespenfangger\u00e4t, Wespenfeind, Wespenfreund, Wespeninspektor, Wespeninspizierer, Wespeninspizierger\u00e4t, Wespensammler Fliegent\u00f6ter, Fliegenfalle, Fliegensauger, Fliegenvernichter, Fliegenf\u00e4nger, Fliegenfangger\u00e4t, Fliegenfeind, Fliegenfreund, Fliegeninspektor, Fliegeninspizierer, Fliegeninspizerger\u00e4t, Fliegensammler Holzbockt\u00f6ter, Holzbockfalle, Holzbocksauger, Holzbockvernichter, Holzbockf\u00e4nger, Holzbockfangger\u00e4t, Holzbockfeind, Holzbockfreund, Holzbockinspektor, Holzbockinspizierer, Holzbockinspizierger\u00e4t, Holzbocksammler Bienenfalle, Bienensauger, Bienenf\u00e4nger, Bienenfangger\u00e4t, Bienenfreund, Bieneninspektor, Bieneninspizierger\u00e4t, Bienensammler [&hellip;]<\/p>\n","protected":false},"author":2,"featured_media":0,"parent":0,"menu_order":13,"comment_status":"closed","ping_status":"closed","template":"","meta":{"footnotes":""},"class_list":["post-276","page","type-page","status-publish","hentry"],"aioseo_notices":[],"_links":{"self":[{"href":"https:\/\/www.fly-goodbye.com\/de\/wp-json\/wp\/v2\/pages\/276","targetHints":{"allow":["GET"]}}],"collection":[{"href":"https:\/\/www.fly-goodbye.com\/de\/wp-json\/wp\/v2\/pages"}],"about":[{"href":"https:\/\/www.fly-goodbye.com\/de\/wp-json\/wp\/v2\/types\/page"}],"author":[{"embeddable":true,"href":"https:\/\/www.fly-goodbye.com\/de\/wp-json\/wp\/v2\/users\/2"}],"replies":[{"embeddable":true,"href":"https:\/\/www.fly-goodbye.com\/de\/wp-json\/wp\/v2\/comments?post=276"}],"version-history":[{"count":9,"href":"https:\/\/www.fly-goodbye.com\/de\/wp-json\/wp\/v2\/pages\/276\/revisions"}],"predecessor-version":[{"id":280,"href":"https:\/\/www.fly-goodbye.com\/de\/wp-json\/wp\/v2\/pages\/276\/revisions\/280"}],"wp:attachment":[{"href":"https:\/\/www.fly-goodbye.com\/de\/wp-json\/wp\/v2\/media?parent=276"}],"curies":[{"name":"wp","href":"https:\/\/api.w.org\/{rel}","templated":true}]}}