
{"id":82,"date":"2009-01-23T14:40:18","date_gmt":"2009-01-23T14:40:18","guid":{"rendered":"http:\/\/fly-goodbye-ch.jancic-ag.customertesthosts.phantasmagor.com\/de\/?page_id=82"},"modified":"2010-04-09T18:04:50","modified_gmt":"2010-04-09T18:04:50","slug":"tipps-und-tricks","status":"publish","type":"page","link":"https:\/\/www.fly-goodbye.com\/de\/tipps-und-tricks\/","title":{"rendered":"Tipps und Tricks"},"content":{"rendered":"<p><\/a>Fliegen sind gewohnt, \u00fcblichen Bedrohungen dank Ihrer hervorragenden Reaktionsf\u00e4higkeit zu entkommen. Fliegen fl\u00fcchten erfahrungsgem\u00e4ss erst, wenn sie sich bedroht f\u00fchlen. Bedroht f\u00fchlen sie sich, wenn man in Ihrer N\u00e4he schnelle Bewegungen macht.<\/p>\n<p>Wenn man sich also langsam Fliegen ann\u00e4hert, lassen diese das bis auf ca. 1 cm zu. Das ist das Erfolgsprinzip von fly-goodbye.\n<\/p>\n<\/p>\n<\/p>\n<p align=\"center\"><a href=\"https:\/\/www.fly-goodbye.com\/de\/wp-content\/uploads\/fly-goodbye-114.jpg\"  rel=\"lightbox[roadtrip]\"><img loading=\"lazy\" decoding=\"async\" src=\"https:\/\/www.fly-goodbye.com\/de\/wp-content\/uploads\/fly-goodbye-114-300x275.jpg\" alt=\"fly-goodbye-114\" title=\"fly-goodbye-114\" width=\"400\" height=\"344\" class=\"aligncenter size-medium wp-image-575\" \/><\/a><\/p>\n<p style=\"TEXT-ALIGN: left\">N\u00e4hern sie sich langsam und ohne hastige Bewegungen mit der Fang\u00f6ffnung auf etwa 1 &#8211; 3 cm dem Ziel an. Am besten funktioniert fly-goodbye, wenn man es schr\u00e4g in der Luft h\u00e4lt.<\/p>\n<p align=\"center\"><a href=\"https:\/\/www.fly-goodbye.com\/de\/wp-content\/uploads\/fly-goodbye-115.jpg\"  rel=\"lightbox[roadtrip]\"><img loading=\"lazy\" decoding=\"async\" src=\"https:\/\/www.fly-goodbye.com\/de\/wp-content\/uploads\/fly-goodbye-115-300x275.jpg\" alt=\"fly-goodbye-115\" title=\"fly-goodbye-115\" width=\"400\" height=\"344\" class=\"aligncenter size-medium wp-image-574\" \/><\/a><\/p>\n<p>Senkrecht von oben funktioniert fly-goodbye ebenfalls \u2013 allerdings nicht so gut, da der Luftstrom gest\u00f6rt wird.<\/p>\n<p>Beim Abdr\u00fccken darauf achten, dass fly-goodbye m\u00f6glichst ruhig gehalten wird. Das Fangrohr schnellt nun blitzschnell etwa 15 mm nach vorne und gleichzeitig wird im Fangrohr eine starke Saugwirkung erzeugt. Gegen diesen Angriff mit fly-goodbye sind die Fliegen chancenlos. Sie werden ins Fangrohr eingesaugt.<\/p>\n","protected":false},"excerpt":{"rendered":"<p>Fliegen sind gewohnt, \u00fcblichen Bedrohungen dank Ihrer hervorragenden Reaktionsf\u00e4higkeit zu entkommen. Fliegen fl\u00fcchten erfahrungsgem\u00e4ss erst, wenn sie sich bedroht f\u00fchlen. Bedroht f\u00fchlen sie sich, wenn man in Ihrer N\u00e4he schnelle Bewegungen macht. Wenn man sich also langsam Fliegen ann\u00e4hert, lassen diese das bis auf ca. 1 cm zu. Das ist das Erfolgsprinzip von fly-goodbye. N\u00e4hern [&hellip;]<\/p>\n","protected":false},"author":2,"featured_media":0,"parent":0,"menu_order":5,"comment_status":"closed","ping_status":"closed","template":"","meta":{"footnotes":""},"class_list":["post-82","page","type-page","status-publish","hentry"],"aioseo_notices":[],"_links":{"self":[{"href":"https:\/\/www.fly-goodbye.com\/de\/wp-json\/wp\/v2\/pages\/82","targetHints":{"allow":["GET"]}}],"collection":[{"href":"https:\/\/www.fly-goodbye.com\/de\/wp-json\/wp\/v2\/pages"}],"about":[{"href":"https:\/\/www.fly-goodbye.com\/de\/wp-json\/wp\/v2\/types\/page"}],"author":[{"embeddable":true,"href":"https:\/\/www.fly-goodbye.com\/de\/wp-json\/wp\/v2\/users\/2"}],"replies":[{"embeddable":true,"href":"https:\/\/www.fly-goodbye.com\/de\/wp-json\/wp\/v2\/comments?post=82"}],"version-history":[{"count":15,"href":"https:\/\/www.fly-goodbye.com\/de\/wp-json\/wp\/v2\/pages\/82\/revisions"}],"predecessor-version":[{"id":579,"href":"https:\/\/www.fly-goodbye.com\/de\/wp-json\/wp\/v2\/pages\/82\/revisions\/579"}],"wp:attachment":[{"href":"https:\/\/www.fly-goodbye.com\/de\/wp-json\/wp\/v2\/media?parent=82"}],"curies":[{"name":"wp","href":"https:\/\/api.w.org\/{rel}","templated":true}]}}